{"id":154,"date":"2015-07-16T09:12:44","date_gmt":"2015-07-16T09:12:44","guid":{"rendered":"http:\/\/test.kriesi.at\/minimal-portfolio\/?page_id=154"},"modified":"2024-07-24T12:22:34","modified_gmt":"2024-07-24T10:22:34","slug":"about","status":"publish","type":"page","link":"https:\/\/www.palmfiction.net\/blog\/about\/","title":{"rendered":"About"},"content":{"rendered":"\n<p><\/p>\n\n\n<div  class='hr av-2t3emy-311fe58574f23bfb106271f91161ecf7 hr-default  avia-builder-el-0  el_before_av_heading  avia-builder-el-first '><span class='hr-inner '><span class=\"hr-inner-style\"><\/span><\/span><\/div>\n\n<style type=\"text\/css\" data-created_by=\"avia_inline_auto\" id=\"style-css-av-2jc06a-bc0140a77af3d78cf1bb90e2216d7fef\">\n#top .av-special-heading.av-2jc06a-bc0140a77af3d78cf1bb90e2216d7fef{\npadding-bottom:0;\ncolor:#000000;\nfont-size:40px;\n}\nbody .av-special-heading.av-2jc06a-bc0140a77af3d78cf1bb90e2216d7fef .av-special-heading-tag .heading-char{\nfont-size:25px;\n}\n#top #wrap_all .av-special-heading.av-2jc06a-bc0140a77af3d78cf1bb90e2216d7fef .av-special-heading-tag{\nfont-size:40px;\n}\n.av-special-heading.av-2jc06a-bc0140a77af3d78cf1bb90e2216d7fef .special-heading-inner-border{\nborder-color:#000000;\n}\n.av-special-heading.av-2jc06a-bc0140a77af3d78cf1bb90e2216d7fef .av-subheading{\nfont-size:15px;\n}\n\n@media only screen and (min-width: 480px) and (max-width: 767px){ \n#top #wrap_all .av-special-heading.av-2jc06a-bc0140a77af3d78cf1bb90e2216d7fef .av-special-heading-tag{\nfont-size:0.8em;\n}\n}\n\n@media only screen and (max-width: 479px){ \n#top #wrap_all .av-special-heading.av-2jc06a-bc0140a77af3d78cf1bb90e2216d7fef .av-special-heading-tag{\nfont-size:0.8em;\n}\n}\n<\/style>\n<div  class='av-special-heading av-2jc06a-bc0140a77af3d78cf1bb90e2216d7fef av-special-heading-h1 custom-color-heading blockquote modern-quote  avia-builder-el-1  el_after_av_hr  el_before_av_hr  av-inherit-size'><h1 class='av-special-heading-tag '  itemprop=\"headline\"  >About<\/h1><div class=\"special-heading-border\"><div class=\"special-heading-inner-border\"><\/div><\/div><\/div>\n<div  class='hr av-2co2tu-d7f424c44d3f7d74e636f72a607d90d7 hr-default  avia-builder-el-2  el_after_av_heading  el_before_av_layout_row  avia-builder-el-last '><span class='hr-inner '><span class=\"hr-inner-style\"><\/span><\/span><\/div>\n<\/div><\/div><\/div><!-- close content main div --><\/div><\/div><div id='av-layout-grid-1'  class='av-layout-grid-container av-26teq2-0310ec602f8c638610c62d3fa8b0c568 entry-content-wrapper main_color av-flex-cells  avia-builder-el-3  el_after_av_hr  el_before_av_section  grid-row-not-first  container_wrap fullsize'  >\n\n<style type=\"text\/css\" data-created_by=\"avia_inline_auto\" id=\"style-css-av-25a72i-a63f80753533a341c06fd871e42b0251\">\n.flex_cell.av-25a72i-a63f80753533a341c06fd871e42b0251{\nvertical-align:top;\nheight:430px;\nmin-height:430px;\nbackground:url(https:\/\/www.palmfiction.net\/blog\/wp-content\/uploads\/biopalm1.jpg) 50% 0% no-repeat scroll ;\n}\n.responsive #top #wrap_all .flex_cell.av-25a72i-a63f80753533a341c06fd871e42b0251{\npadding:30px 30px 30px 30px !important;\n}\n<\/style>\n<div class='flex_cell av-25a72i-a63f80753533a341c06fd871e42b0251 av-gridrow-cell av_one_half no_margin  avia-builder-el-4  el_before_av_cell_one_half  avia-builder-el-first  avia-full-stretch'  ><div class='flex_cell_inner'>\n<style type=\"text\/css\" data-created_by=\"avia_inline_auto\" id=\"style-css-av-1z9wsy-ee6c67713669c53963184a6f9e826568\">\n.avia-image-container.av-1z9wsy-ee6c67713669c53963184a6f9e826568 img.avia_image{\nbox-shadow:none;\n}\n.avia-image-container.av-1z9wsy-ee6c67713669c53963184a6f9e826568 .av-image-caption-overlay-center{\ncolor:#ffffff;\n}\n<\/style>\n<div  class='avia-image-container av-1z9wsy-ee6c67713669c53963184a6f9e826568 av-styling- avia-align-center  avia-builder-el-5  avia-builder-el-no-sibling '   itemprop=\"image\" itemscope=\"itemscope\" itemtype=\"https:\/\/schema.org\/ImageObject\" ><div class=\"avia-image-container-inner\"><div class=\"avia-image-overlay-wrap\"><img fetchpriority=\"high\" class='wp-image-213 avia-img-lazy-loading-not-213 avia_image ' src='https:\/\/www.palmfiction.net\/blog\/wp-content\/uploads\/biopalm1.jpg' alt='' title='biopalm1'  height=\"1152\" width=\"1446\"  itemprop=\"thumbnailUrl\"  \/><\/div><\/div><\/div>\n<\/div><\/div>\n<style type=\"text\/css\" data-created_by=\"avia_inline_auto\" id=\"style-css-av-1qund6-5491578949dde9f4b44bb73cdf5c4d6b\">\n.flex_cell.av-1qund6-5491578949dde9f4b44bb73cdf5c4d6b{\nvertical-align:middle;\nheight:430px;\nmin-height:430px;\nbackground-color:#f7f7f7;\n}\n.responsive #top #wrap_all .flex_cell.av-1qund6-5491578949dde9f4b44bb73cdf5c4d6b{\npadding:30px 100px 30px 100px !important;\n}\n<\/style>\n<div class='flex_cell av-1qund6-5491578949dde9f4b44bb73cdf5c4d6b av-gridrow-cell av_one_half no_margin  avia-builder-el-6  el_after_av_cell_one_half  avia-builder-el-last '  ><div class='flex_cell_inner'>\n<style type=\"text\/css\" data-created_by=\"avia_inline_auto\" id=\"style-css-av-1l1pre-71066102359e3918840c01108c6e5181\">\n.flex_column.av-1l1pre-71066102359e3918840c01108c6e5181{\nborder-radius:0px 0px 0px 0px;\npadding:0px 0px 0px 0px;\n}\n<\/style>\n<div  class='flex_column av-1l1pre-71066102359e3918840c01108c6e5181 av_one_full  avia-builder-el-7  avia-builder-el-no-sibling  first flex_column_div av-animated-generic bottom-to-top av-zero-column-padding  '     ><p>\n<style type=\"text\/css\" data-created_by=\"avia_inline_auto\" id=\"style-css-av-1eyep6-801ad5e69848ad3628c7853dc7423a96\">\n#top .av-special-heading.av-1eyep6-801ad5e69848ad3628c7853dc7423a96{\npadding-bottom:10px;\n}\nbody .av-special-heading.av-1eyep6-801ad5e69848ad3628c7853dc7423a96 .av-special-heading-tag .heading-char{\nfont-size:25px;\n}\n.av-special-heading.av-1eyep6-801ad5e69848ad3628c7853dc7423a96 .av-subheading{\nfont-size:15px;\n}\n<\/style>\n<div  class='av-special-heading av-1eyep6-801ad5e69848ad3628c7853dc7423a96 av-special-heading-h3 blockquote modern-quote  avia-builder-el-8  el_before_av_textblock  avia-builder-el-first '><h3 class='av-special-heading-tag '  itemprop=\"headline\"  >Kurt Palm<\/h3><div class=\"special-heading-border\"><div class=\"special-heading-inner-border\"><\/div><\/div><\/div><br \/>\n<section  class='av_textblock_section av-181tmi-764aa63798a57b5460fb7ea6fe697aad '   itemscope=\"itemscope\" itemtype=\"https:\/\/schema.org\/CreativeWork\" ><div class='avia_textblock'  itemprop=\"text\" ><p>geboren 1955 am \u00e4u\u00dfersten Rande des Kobernau\u00dferwalds. Seit ca. 1962 T\u00e4tigkeiten als Ministrant, Mittelst\u00fcrmer, Autostopper und Nachtw\u00e4chter. Nach dem Studium der Germanistik und Publizistik als Regisseur, Autor und Volksbildner unterwegs. Schreibt B\u00fccher, dreht Filme und f\u00e4ngt Fische.<\/p>\n<\/div><\/section><\/p><\/div>\n<\/div><\/div>\n<\/div>\n<div id='av_section_1'  class='avia-section av-11ujte-6ae1e2903217cf968f67707cbd45b905 main_color avia-section-large avia-no-border-styling  avia-builder-el-10  el_after_av_layout_row  avia-builder-el-last  avia-bg-style-scroll container_wrap fullsize'  ><div class='container av-section-cont-open' ><div class='template-page content  av-content-full alpha units'><div class='post-entry post-entry-type-page post-entry-154'><div class='entry-content-wrapper clearfix'>\n\n<style type=\"text\/css\" data-created_by=\"avia_inline_auto\" id=\"style-css-av-wsmfm-814616c7f0f5464b176a8771363a6157\">\n.flex_column.av-wsmfm-814616c7f0f5464b176a8771363a6157{\nborder-radius:0px 0px 0px 0px;\npadding:0px 0px 0px 0px;\n}\n<\/style>\n<div  class='flex_column av-wsmfm-814616c7f0f5464b176a8771363a6157 av_one_half  avia-builder-el-11  el_before_av_one_half  avia-builder-el-first  first flex_column_div av-animated-generic bottom-to-top av-zero-column-padding  '     ><p>\n<style type=\"text\/css\" data-created_by=\"avia_inline_auto\" id=\"style-css-av-rygde-1a97d850fc1e3fd2f20b9decc46ebce1\">\n#top .av-special-heading.av-rygde-1a97d850fc1e3fd2f20b9decc46ebce1{\npadding-bottom:10px;\n}\nbody .av-special-heading.av-rygde-1a97d850fc1e3fd2f20b9decc46ebce1 .av-special-heading-tag .heading-char{\nfont-size:25px;\n}\n.av-special-heading.av-rygde-1a97d850fc1e3fd2f20b9decc46ebce1 .av-subheading{\nfont-size:15px;\n}\n<\/style>\n<div  class='av-special-heading av-rygde-1a97d850fc1e3fd2f20b9decc46ebce1 av-special-heading-h3 blockquote modern-quote  avia-builder-el-12  el_before_av_textblock  avia-builder-el-first '><h3 class='av-special-heading-tag '  itemprop=\"headline\"  >Hier der ber\u00fchmte Fragebogen, den der Schriftsteller Marcel Proust gleich zweimal ausf\u00fcllte. <\/h3><div class=\"special-heading-border\"><div class=\"special-heading-inner-border\"><\/div><\/div><\/div><br \/>\n<section  class='av_textblock_section av-n0d3u-f9ee19a207b33b3e58a608db999b4afe '   itemscope=\"itemscope\" itemtype=\"https:\/\/schema.org\/CreativeWork\" ><div class='avia_textblock'  itemprop=\"text\" ><p>Was ist f\u00fcr Sie das gr\u00f6\u00dfte Ungl\u00fcck?<br \/>\nHungernde Kinder<\/p>\n<p>Wo m\u00f6chten Sie leben?<br \/>\nIn einem Haus an einem See, wo man seine Ruhe hat<\/p>\n<p>Was ist f\u00fcr Sie das vollkommene irdische Gl\u00fcck?<br \/>\nAn einem Sommertag vom Boot aus Forellen fangen, diese am offenen Feuer braten, dazu eine Flasche Riesling trinken und anschlie\u00dfend in der Wiese v\u00f6geln<\/p>\n<p>Welche Fehler entschuldigen Sie am ehesten?<br \/>\nDie von mir gemachten<\/p>\n<p>Ihr liebster Romanheld?<br \/>\nRobinson Crusoe<\/p>\n<p>Ihre liebste Romanheldin?<br \/>\nMadame Bovary<\/p>\n<p>Ihre Lieblingsgestalten in der Geschichte?<br \/>\nSpartakus und Che Guevara<\/p>\n<p>Ihre Lieblingshelden in der Wirklichkeit?<br \/>\nDie K\u00e4mpferinnen und K\u00e4mpfer der PKK<\/p>\n<p>Ihre Lieblingshelden in der Dichtung?<br \/>\nOdysseus und Winnetou<\/p>\n<p>Ihre Lieblingsheldinnen in der Dichtung?<br \/>\nPenthesilea und Nscho-tschi<\/p>\n<p>Ihre Lieblingsmaler?<br \/>\nFrancis Bacon, Francisco Goya und Frida Kahlo<\/p>\n<p>Ihr Lieblingskomponist?<br \/>\nEnnio Morricone und Bob Dylan<\/p>\n<p>Welche Eigenschaften sch\u00e4tzen Sie bei einem Mann am meisten?<br \/>\nSelbstironie<\/p>\n<p>Welche Eigenschaften sch\u00e4tzen Sie bei einer Frau am meisten?<br \/>\nHumor<\/p>\n<p>Ihre Lieblingstugend?<br \/>\nHoffnung<\/p>\n<\/div><\/section><\/p><\/div>\n<style type=\"text\/css\" data-created_by=\"avia_inline_auto\" id=\"style-css-av-esaxe-354a5c8ff3bbc536318d8a90cfe761fc\">\n.flex_column.av-esaxe-354a5c8ff3bbc536318d8a90cfe761fc{\nborder-radius:0px 0px 0px 0px;\npadding:0px 0px 0px 35px;\n}\n<\/style>\n<div  class='flex_column av-esaxe-354a5c8ff3bbc536318d8a90cfe761fc av_one_half  avia-builder-el-14  el_after_av_one_half  avia-builder-el-last  flex_column_div av-animated-generic bottom-to-top  '     ><section  class='av_textblock_section av-10fui-aa354a32c3ce10f711b0ba1206db7e61 '   itemscope=\"itemscope\" itemtype=\"https:\/\/schema.org\/CreativeWork\" ><div class='avia_textblock'  itemprop=\"text\" ><p>Ihre Lieblingsbesch\u00e4ftigung?<br \/>\nIn die Luft schauen<\/p>\n<p>Wer oder was h\u00e4tten Sie sein m\u00f6gen?<br \/>\nKomische Frage<\/p>\n<p>Ihr Hauptcharakterzug?<br \/>\nSkepsis<\/p>\n<p>Ihr gr\u00f6\u00dfter Fehler?<br \/>\nNegatives Denken. Falls man das \u00fcberhaupt als Fehler bezeichnen kann.<\/p>\n<p>Was sch\u00e4tzen Sie bei Ihren Freunden am meisten?<br \/>\nLoyalit\u00e4t<\/p>\n<p>Ihr Traum vom Gl\u00fcck?<br \/>\nDass sich alle gern haben. Etwa nach dem Motto: \u201eMich k\u00f6nnen Sie gern haben.\u201c<\/p>\n<p>Was w\u00e4re f\u00fcr Sie das gr\u00f6\u00dfte Ungl\u00fcck?<br \/>\nDer dritte Weltkrieg<\/p>\n<p>Was m\u00f6chten Sie sein?<br \/>\nAbenteurer<\/p>\n<p>Ihre Lieblingsfarbe?<br \/>\nDunkelblau<\/p>\n<p>Ihre Lieblingsblume?<br \/>\nDotterblume<\/p>\n<p>Ihr Lieblingsvogel?<br \/>\nKohlmeise<\/p>\n<p>Ihre Lieblingsschriftsteller?<br \/>\nAdalbert Stifter, James Joyce, Richard Brautigan, Margaret Millar und Tschingis Aitmatov<\/p>\n<p>Ihre Lieblingslyriker?<br \/>\nPaul Celan und Robert Gernhardt<\/p>\n<p>Ihre Helden in der Geschichte?<br \/>\nDie Widerstandsk\u00e4mpferInnen gegen den Nationalsozialismus<\/p>\n<p>Ihre Heldinnen in der Geschichte?<br \/>\nRosa Luxemburg und die Frauen der Pariser Commune<\/p>\n<p>Ihre Lieblingsnamen?<br \/>\nMax und Moritz bzw. H\u00e4nsel und Gretel<\/p>\n<p>Was verabscheuen Sie am meisten?<br \/>\nGewalt gegen Kinder<\/p>\n<p>Welche geschichtlichen Gestalten verachten Sie am meisten?<br \/>\nHeinrich Himmler und George W. Bush<\/p>\n<\/div><\/section><\/div>\n","protected":false},"excerpt":{"rendered":"","protected":false},"author":1,"featured_media":0,"parent":0,"menu_order":0,"comment_status":"open","ping_status":"open","template":"","meta":{"footnotes":""},"class_list":["post-154","page","type-page","status-publish","hentry"],"_links":{"self":[{"href":"https:\/\/www.palmfiction.net\/blog\/wp-json\/wp\/v2\/pages\/154"}],"collection":[{"href":"https:\/\/www.palmfiction.net\/blog\/wp-json\/wp\/v2\/pages"}],"about":[{"href":"https:\/\/www.palmfiction.net\/blog\/wp-json\/wp\/v2\/types\/page"}],"author":[{"embeddable":true,"href":"https:\/\/www.palmfiction.net\/blog\/wp-json\/wp\/v2\/users\/1"}],"replies":[{"embeddable":true,"href":"https:\/\/www.palmfiction.net\/blog\/wp-json\/wp\/v2\/comments?post=154"}],"version-history":[{"count":19,"href":"https:\/\/www.palmfiction.net\/blog\/wp-json\/wp\/v2\/pages\/154\/revisions"}],"predecessor-version":[{"id":1849,"href":"https:\/\/www.palmfiction.net\/blog\/wp-json\/wp\/v2\/pages\/154\/revisions\/1849"}],"wp:attachment":[{"href":"https:\/\/www.palmfiction.net\/blog\/wp-json\/wp\/v2\/media?parent=154"}],"curies":[{"name":"wp","href":"https:\/\/api.w.org\/{rel}","templated":true}]}}