{"id":1646,"date":"2022-07-31T13:32:29","date_gmt":"2022-07-31T11:32:29","guid":{"rendered":"http:\/\/www.palmfiction.net\/blog\/?page_id=1646"},"modified":"2022-07-31T13:34:38","modified_gmt":"2022-07-31T11:34:38","slug":"this-is-the-end-my-friend","status":"publish","type":"page","link":"https:\/\/www.palmfiction.net\/blog\/this-is-the-end-my-friend\/","title":{"rendered":"This is the End, my Friend"},"content":{"rendered":"<p><i>Regie: Kurt Palm<\/i><\/p>\n<p><i>Ausstattung: Michaela Mandel<\/i><\/p>\n<p><i>Sound: Armin Lehner<\/i><\/p>\n<p><i>Licht: Hubert Schwaiger<\/i><\/p>\n<p><i>Dramaturgie: Matthias Kreitner<\/i><\/p>\n<p><i>Regieassistenz und Textcoaching: Hanna Fenzl<\/i><\/p>\n<p><i>Ausstattungsassistenz: Antje Eisterhuber<\/i><\/p>\n<p><i>Mit Nadine Breitfu\u00df, Anna Maria Eder, Martin Brunnemann, Karl-Ferdinand Kratzl, Georg Lindorfer, Ferry \u00d6llinger, Erich Pacher, Sven Sorring und Armin Lehner<\/i><\/p>\n<p>&nbsp;<\/p>\n<p><img loading=\"lazy\" decoding=\"async\" class=\"alignnone size-medium wp-image-1612\" src=\"http:\/\/www.palmfiction.net\/blog\/wp-content\/uploads\/354-2-Karl-Ferdinand-Kratzl-Sven-Sorring-Ferry-Oellinger_o-300x200.jpg\" alt=\"\" width=\"300\" height=\"200\" srcset=\"https:\/\/www.palmfiction.net\/blog\/wp-content\/uploads\/354-2-Karl-Ferdinand-Kratzl-Sven-Sorring-Ferry-Oellinger_o-300x200.jpg 300w, https:\/\/www.palmfiction.net\/blog\/wp-content\/uploads\/354-2-Karl-Ferdinand-Kratzl-Sven-Sorring-Ferry-Oellinger_o-768x512.jpg 768w, https:\/\/www.palmfiction.net\/blog\/wp-content\/uploads\/354-2-Karl-Ferdinand-Kratzl-Sven-Sorring-Ferry-Oellinger_o-1030x686.jpg 1030w, https:\/\/www.palmfiction.net\/blog\/wp-content\/uploads\/354-2-Karl-Ferdinand-Kratzl-Sven-Sorring-Ferry-Oellinger_o-1500x999.jpg 1500w, https:\/\/www.palmfiction.net\/blog\/wp-content\/uploads\/354-2-Karl-Ferdinand-Kratzl-Sven-Sorring-Ferry-Oellinger_o-705x470.jpg 705w, https:\/\/www.palmfiction.net\/blog\/wp-content\/uploads\/354-2-Karl-Ferdinand-Kratzl-Sven-Sorring-Ferry-Oellinger_o-450x300.jpg 450w\" sizes=\"(max-width: 300px) 100vw, 300px\" \/><\/p>\n<p>Kratzl, Sorring, \u00d6llinger (Foto: Helmut Walter)<\/p>\n","protected":false},"excerpt":{"rendered":"<p>Regie: Kurt Palm Ausstattung: Michaela Mandel Sound: Armin Lehner Licht: Hubert Schwaiger Dramaturgie: Matthias Kreitner Regieassistenz und Textcoaching: Hanna Fenzl Ausstattungsassistenz: Antje Eisterhuber Mit Nadine Breitfu\u00df, Anna Maria Eder, Martin Brunnemann, Karl-Ferdinand Kratzl, Georg Lindorfer, Ferry \u00d6llinger, Erich Pacher, Sven Sorring und Armin Lehner &nbsp; Kratzl, Sorring, \u00d6llinger (Foto: Helmut Walter)<\/p>\n","protected":false},"author":2,"featured_media":0,"parent":0,"menu_order":0,"comment_status":"closed","ping_status":"closed","template":"","meta":{"footnotes":""},"class_list":["post-1646","page","type-page","status-publish","hentry"],"_links":{"self":[{"href":"https:\/\/www.palmfiction.net\/blog\/wp-json\/wp\/v2\/pages\/1646"}],"collection":[{"href":"https:\/\/www.palmfiction.net\/blog\/wp-json\/wp\/v2\/pages"}],"about":[{"href":"https:\/\/www.palmfiction.net\/blog\/wp-json\/wp\/v2\/types\/page"}],"author":[{"embeddable":true,"href":"https:\/\/www.palmfiction.net\/blog\/wp-json\/wp\/v2\/users\/2"}],"replies":[{"embeddable":true,"href":"https:\/\/www.palmfiction.net\/blog\/wp-json\/wp\/v2\/comments?post=1646"}],"version-history":[{"count":2,"href":"https:\/\/www.palmfiction.net\/blog\/wp-json\/wp\/v2\/pages\/1646\/revisions"}],"predecessor-version":[{"id":1650,"href":"https:\/\/www.palmfiction.net\/blog\/wp-json\/wp\/v2\/pages\/1646\/revisions\/1650"}],"wp:attachment":[{"href":"https:\/\/www.palmfiction.net\/blog\/wp-json\/wp\/v2\/media?parent=1646"}],"curies":[{"name":"wp","href":"https:\/\/api.w.org\/{rel}","templated":true}]}}